{"id":1013,"date":"2021-07-05T10:44:00","date_gmt":"2021-07-05T08:44:00","guid":{"rendered":"http:\/\/labalu.fr\/?page_id=1013"},"modified":"2021-07-23T15:49:50","modified_gmt":"2021-07-23T13:49:50","slug":"lafayette","status":"publish","type":"page","link":"https:\/\/labalu.fr\/index.php\/lafayette\/","title":{"rendered":"LAFAYETTE"},"content":{"rendered":"<div  data-label=\"Overlappable\" data-id=\"overlappable--1\" data-export-id=\"overlappable-1\" data-category=\"overlappable\" class=\"overlappable-1 content-section content-section-spacing content-relative\" data-overlap=\"true\" id=\"overlappable-1\" style=\"background-color: rgba(255, 255, 255, 0); background-image: none;\"><div  class=\"gridContainer\"> <div  data-type=\"row\" class=\"row shadow-medium center-sm content-center-sm\"> <div  data-type=\"column\" class=\"col-xs-12 col-sm-4 flexcol col-padding col-padding-small-xs col-md-4 bg-color7\"> <i  class=\"fa icon fa-bookmark big color-white\"><\/i>   <h2  class=\"\"><span  style=\"color: rgb(255, 255, 255);\">222 COURS LAFAYETTE<\/span><\/h2><\/div><div  data-type=\"column\" class=\"col-xs-12 col-sm-4 flexcol col-padding col-padding-small-xs inverted col-md-4 bg-color19\"><i  class=\"fa icon fa-cubes white\"><\/i>   <h2  class=\"\">79K<\/h2><\/div> <div  data-type=\"column\" class=\"col-xs-12 col-sm-4 flexcol col-padding col-padding-small-xs inverted col-md-4 bg-color8\"><i  class=\"fa icon fa-map-marker color-white\"><\/i>   <h2  class=\"\">LYON<\/h2><\/div> <\/div><\/div> <\/div><div  data-label=\"Content\" data-id=\"content--2\" data-export-id=\"content-15\" data-category=\"content\" class=\"content-15 content-section content-section-spacing\" id=\"content-2\" style=\"background-color: rgb(245, 250, 253);\"><div  class=\"gridContainer\"> <div  class=\"row middle-sm\"><div  class=\"col-sm-6 flexbox around-xs top-xs space-bottom-xs space-top-xs\"> <div  class=\"overlay-box flexbox middle-xs center-xs overlay-holder\"><div  class=\"overlay-box-offset offset-border shadow-medium border-color2 hide-xs\"><\/div> <img  class=\"flexbox shadow-large img1\" data-size=\"500x500\" src=\"http:\/\/labalu.fr\/wp-content\/uploads\/2021\/07\/cropped-lafa1.jpg\" alt=\"\" title=\"cropped-lafa1.jpg\"><\/div> <\/div> <div  class=\"col-sm-6\" data-type=\"column\"> <h2  class=\"\">Nos missions<\/h2> <p  class=\"\">&nbsp;\u2022 Dimension \u00e0 reprendre sur site<br >&nbsp;\u2022 Raccord des t\u00f4les support de membrane avec la charpente \u00e0 faire apr\u00e8s curage du flocage.<br >&nbsp;\u2022 Pose des t\u00f4les avant la pose de l\u2019isolant et du doublage int\u00e9rieur.<br >&nbsp;\u2022 Traiter l\u2019\u00e9tanch\u00e9it\u00e9 \u00e0 l\u2019air entre la charpente et le bac acier.<br >&nbsp;\u2022 Pose des membranes coll\u00e9es suivant pr\u00e9conisations fabriquant.<br >&nbsp;\u2022 Traitement sp\u00e9cifique des membranes + joints au niveau de&nbsp;&nbsp;&nbsp; \n<br >&nbsp;&nbsp;&nbsp; chaque sabot de fixation.<br >&nbsp;\u2022 Traitement des joints d\u2019\u00e9clissages.<br >&nbsp;\u2022 Percussion des t\u00f4les sur PRS.<\/p> <\/div> <\/div><\/div> <\/div><div  data-label=\"Gallery\" data-id=\"gallery--1\" data-export-id=\"gallery-1\" data-category=\"gallery\" class=\"gallery-1 content-section content-section-spacing\" id=\"gallery-1\" style=\"background-color: rgb(255, 255, 255);\"><div  class=\"gridContainer\"> <div  class=\"row\"><div  class=\"section-title-col\" data-type=\"column\"> <h2  class=\"\">D\u00e9couvrez nos photos\n<\/h2> <\/div> <\/div> <div  class=\"row text-center\"> <div  class=\"col-xs-12\" data-editable=\"true\" data-content-shortcode=\"mesmerize_gallery id=&quot;mesmerize-gallery-1&quot; columns=&quot;4&quot; ids=&quot;1028,1029,1030,1031,1032&quot; lb=&quot;1&quot; masonry=&quot;1&quot; size=&quot;medium&quot; link=&quot;file&quot; \"><div id='mesmerize-gallery-1' class='gallery-wrapper'><style type=\"text\/css\">\n                    @media only screen and (min-width: 768px) {\n                    [data-unique-id='mesmerize-gallery-1-69ece1976395b'] dl {\n                        float: left;\n                        width: 25% !important;\n                        max-width:  25% !important;\n                        min-width:  25% !important;\n                    }\n\n                    [data-unique-id='mesmerize-gallery-1-69ece1976395b'] dl:nth-of-type(4n +1 ) {\n                      clear: both;\n                      }\n                    }\n                <\/style><div id='mesmerize-gallery-1' class='mesmerize-gallery-1-dls-wrapper gallery-items-wrapper materialis-gallery' data-unique-id='mesmerize-gallery-1-69ece1976395b'><dl class='gallery-item'>\n\t\t\t<dt class='gallery-icon landscape'>\n\t\t\t\t<a data-fancybox=\"mesmerize-gallery-1-group\" href='https:\/\/labalu.fr\/wp-content\/uploads\/2021\/07\/lafa5-scaled.jpg'><img  width=\"300\" height=\"225\" src=\"https:\/\/labalu.fr\/wp-content\/uploads\/2021\/07\/lafa5-300x225.jpg\"  class='mesmerize-gallery-1-image' alt=\"\" loading=\"lazy\" srcset=\"https:\/\/labalu.fr\/wp-content\/uploads\/2021\/07\/lafa5-300x225.jpg 300w, https:\/\/labalu.fr\/wp-content\/uploads\/2021\/07\/lafa5-1024x768.jpg 1024w, https:\/\/labalu.fr\/wp-content\/uploads\/2021\/07\/lafa5-768x576.jpg 768w, https:\/\/labalu.fr\/wp-content\/uploads\/2021\/07\/lafa5-1536x1152.jpg 1536w, https:\/\/labalu.fr\/wp-content\/uploads\/2021\/07\/lafa5-2048x1536.jpg 2048w, https:\/\/labalu.fr\/wp-content\/uploads\/2021\/07\/lafa5-1440x1080.jpg 1440w\" sizes=\"(max-width: 300px) 100vw, 300px\" \/><\/a>\n\t\t\t<\/dt><\/dl><dl class='gallery-item'>\n\t\t\t<dt class='gallery-icon landscape'>\n\t\t\t\t<a data-fancybox=\"mesmerize-gallery-1-group\" href='https:\/\/labalu.fr\/wp-content\/uploads\/2021\/07\/lafa4.jpg'><img  width=\"300\" height=\"169\" src=\"https:\/\/labalu.fr\/wp-content\/uploads\/2021\/07\/lafa4-300x169.jpg\"  class='mesmerize-gallery-1-image' alt=\"\" loading=\"lazy\" srcset=\"https:\/\/labalu.fr\/wp-content\/uploads\/2021\/07\/lafa4-300x169.jpg 300w, https:\/\/labalu.fr\/wp-content\/uploads\/2021\/07\/lafa4-1024x576.jpg 1024w, https:\/\/labalu.fr\/wp-content\/uploads\/2021\/07\/lafa4-768x432.jpg 768w, https:\/\/labalu.fr\/wp-content\/uploads\/2021\/07\/lafa4.jpg 1280w\" sizes=\"(max-width: 300px) 100vw, 300px\" \/><\/a>\n\t\t\t<\/dt><\/dl><dl class='gallery-item'>\n\t\t\t<dt class='gallery-icon landscape'>\n\t\t\t\t<a data-fancybox=\"mesmerize-gallery-1-group\" href='https:\/\/labalu.fr\/wp-content\/uploads\/2021\/07\/lafz3.jpg'><img  width=\"300\" height=\"268\" src=\"https:\/\/labalu.fr\/wp-content\/uploads\/2021\/07\/lafz3-300x268.jpg\"  class='mesmerize-gallery-1-image' alt=\"\" loading=\"lazy\" srcset=\"https:\/\/labalu.fr\/wp-content\/uploads\/2021\/07\/lafz3-300x268.jpg 300w, https:\/\/labalu.fr\/wp-content\/uploads\/2021\/07\/lafz3.jpg 680w\" sizes=\"(max-width: 300px) 100vw, 300px\" \/><\/a>\n\t\t\t<\/dt><\/dl><dl class='gallery-item'>\n\t\t\t<dt class='gallery-icon landscape'>\n\t\t\t\t<a data-fancybox=\"mesmerize-gallery-1-group\" href='https:\/\/labalu.fr\/wp-content\/uploads\/2021\/07\/lafa2.jpg'><img  width=\"300\" height=\"200\" src=\"https:\/\/labalu.fr\/wp-content\/uploads\/2021\/07\/lafa2-300x200.jpg\"  class='mesmerize-gallery-1-image' alt=\"\" loading=\"lazy\" srcset=\"https:\/\/labalu.fr\/wp-content\/uploads\/2021\/07\/lafa2-300x200.jpg 300w, https:\/\/labalu.fr\/wp-content\/uploads\/2021\/07\/lafa2-1024x682.jpg 1024w, https:\/\/labalu.fr\/wp-content\/uploads\/2021\/07\/lafa2-768x512.jpg 768w, https:\/\/labalu.fr\/wp-content\/uploads\/2021\/07\/lafa2-1536x1024.jpg 1536w, https:\/\/labalu.fr\/wp-content\/uploads\/2021\/07\/lafa2-1620x1080.jpg 1620w, https:\/\/labalu.fr\/wp-content\/uploads\/2021\/07\/lafa2.jpg 2000w\" sizes=\"(max-width: 300px) 100vw, 300px\" \/><\/a>\n\t\t\t<\/dt><\/dl><dl class='gallery-item'>\n\t\t\t<dt class='gallery-icon landscape'>\n\t\t\t\t<a data-fancybox=\"mesmerize-gallery-1-group\" href='https:\/\/labalu.fr\/wp-content\/uploads\/2021\/07\/lafa1-1.jpg'><img  width=\"300\" height=\"225\" src=\"https:\/\/labalu.fr\/wp-content\/uploads\/2021\/07\/lafa1-1-300x225.jpg\"  class='mesmerize-gallery-1-image' alt=\"\" loading=\"lazy\" srcset=\"https:\/\/labalu.fr\/wp-content\/uploads\/2021\/07\/lafa1-1-300x225.jpg 300w, https:\/\/labalu.fr\/wp-content\/uploads\/2021\/07\/lafa1-1.jpg 620w\" sizes=\"(max-width: 300px) 100vw, 300px\" \/><\/a>\n\t\t\t<\/dt><\/dl>\n\t\t\t\n\t\t<\/div>\n<script>(function($){window.MaterialisCaptionsGallery && window.MaterialisCaptionsGallery($('[data-unique-id=\"mesmerize-gallery-1-69ece1976395b\"]'))})(jQuery)<\/script><\/div><\/div><\/div> <\/div><\/div>","protected":false},"excerpt":{"rendered":"<p>222 COURS LAFAYETTE 79K LYON Nos missions &nbsp;\u2022 Dimension \u00e0 reprendre sur site&nbsp;\u2022 Raccord des t\u00f4les support de membrane avec la charpente \u00e0 faire apr\u00e8s curage du flocage.&nbsp;\u2022 Pose des t\u00f4les avant la pose de l\u2019isolant et du doublage int\u00e9rieur.&nbsp;\u2022 Traiter l\u2019\u00e9tanch\u00e9it\u00e9 \u00e0 l\u2019air entre la charpente et le bac acier.&nbsp;\u2022 Pose des membranes coll\u00e9es&hellip; <br \/> <a class=\"read-more\" href=\"https:\/\/labalu.fr\/index.php\/lafayette\/\">Lire la suite<\/a><\/p>\n","protected":false},"author":1,"featured_media":0,"parent":0,"menu_order":0,"comment_status":"closed","ping_status":"closed","template":"pro\/page-templates\/full-width-page.php","meta":[],"_links":{"self":[{"href":"https:\/\/labalu.fr\/index.php\/wp-json\/wp\/v2\/pages\/1013"}],"collection":[{"href":"https:\/\/labalu.fr\/index.php\/wp-json\/wp\/v2\/pages"}],"about":[{"href":"https:\/\/labalu.fr\/index.php\/wp-json\/wp\/v2\/types\/page"}],"author":[{"embeddable":true,"href":"https:\/\/labalu.fr\/index.php\/wp-json\/wp\/v2\/users\/1"}],"replies":[{"embeddable":true,"href":"https:\/\/labalu.fr\/index.php\/wp-json\/wp\/v2\/comments?post=1013"}],"version-history":[{"count":4,"href":"https:\/\/labalu.fr\/index.php\/wp-json\/wp\/v2\/pages\/1013\/revisions"}],"predecessor-version":[{"id":1193,"href":"https:\/\/labalu.fr\/index.php\/wp-json\/wp\/v2\/pages\/1013\/revisions\/1193"}],"wp:attachment":[{"href":"https:\/\/labalu.fr\/index.php\/wp-json\/wp\/v2\/media?parent=1013"}],"curies":[{"name":"wp","href":"https:\/\/api.w.org\/{rel}","templated":true}]}}