{"id":258,"date":"2020-10-22T13:35:05","date_gmt":"2020-10-22T11:35:05","guid":{"rendered":"http:\/\/labalu.fr\/?page_id=258"},"modified":"2021-08-06T13:26:07","modified_gmt":"2021-08-06T11:26:07","slug":"nos-references-en-details","status":"publish","type":"page","link":"https:\/\/labalu.fr\/index.php\/nos-references-en-details\/","title":{"rendered":"Nos r\u00e9f\u00e9rences en d\u00e9tails"},"content":{"rendered":"<div  data-label=\"Portfolio\" data-id=\"portfolio--2\" data-export-id=\"portfolio-5\" data-category=\"portfolio\" class=\"portfolio-5 content-section content-section-spacing\" id=\"portfolio-2\" style=\"background-color: rgb(255, 255, 255);\"><div  class=\"\"> <div  class=\"row text-center\"><div  class=\"section-title-col\" data-type=\"column\">  <p  class=\"lead\">D\u00e9couvrez nos r\u00e9alisations en photos<\/p><\/div> <\/div> <div  class=\"row space-bottom spaced-cols\" data-type=\"row\"> <div  class=\"col-xs-12 col-sm-4 text-center col-md-3 \"> <div  class=\"card no-padding bordered\"> <div  data-hover-fx=\"portfolio-6\" class=\"contentswap-effect\"> <div  class=\"initial-image\"> <img  data-size=\"500x333\" src=\"http:\/\/labalu.fr\/wp-content\/uploads\/2020\/10\/cropped-WIP.jpg\"><\/div> <div  class=\"overlay bg-color6\"><\/div> <div  class=\"swap-inner col-xs-12\"> <div  class=\"row full-height-row middle-xs middle-sm\"> <div  class=\"col-xs-12 text-center content-holder\"> <a class=\"button small color8 white-text round\" href=\"http:\/\/labalu.fr\/index.php\/work-in-park\" target=\"_self\" data-cp-link=\"1\" data-icon=\"\" rel=\"noopener noreferrer\">Voir<\/a><\/div> <\/div><\/div> <\/div> <div  class=\"col-xs-12\"> <div  class=\"space-bottom space-top\" data-type=\"column\"> <h5  class=\"\">WORK IN PARK<\/h5> <p  class=\"small italic\">B\u00e2timent de bureaux situ\u00e9 dans la ZAC Techsud de Gerland<\/p><\/div> <\/div><\/div> <\/div> <div  class=\"col-xs-12 col-sm-4 text-center col-md-3 \"> <div  class=\"card no-padding bordered\"> <div  data-hover-fx=\"portfolio-6\" class=\"contentswap-effect\"> <div  class=\"initial-image\"> <img  data-size=\"500x333\" src=\"http:\/\/labalu.fr\/wp-content\/uploads\/2020\/10\/cropped-project_24_image_fr-2-scaled-1.jpg\"><\/div> <div  class=\"overlay bg-color6\"><\/div> <div  class=\"swap-inner col-xs-12\"> <div  class=\"row full-height-row middle-xs middle-sm\"> <div  class=\"col-xs-12 text-center content-holder\"> <a class=\"button small color8 round\" href=\"http:\/\/labalu.fr\/index.php\/urban-garden\" target=\"_self\" data-cp-link=\"1\" data-icon=\"\" rel=\"noopener noreferrer\">Voir<\/a><\/div> <\/div><\/div> <\/div> <div  class=\"col-xs-12\"> <div  class=\"space-bottom space-top\" data-type=\"column\"> <h5  class=\"\">URBAN GARDEN<\/h5> <p  class=\"small italic\">Future Direction R\u00e9gional d\u2019Engie, situ\u00e9e au coeur de Gerland<\/p><\/div> <\/div><\/div> <\/div> <div  class=\"col-xs-12 col-sm-4 text-center col-md-3 \"> <div  class=\"card no-padding bordered\"> <div  data-hover-fx=\"portfolio-6\" class=\"contentswap-effect\"> <div  class=\"initial-image\"> <img  data-size=\"500x333\" src=\"http:\/\/labalu.fr\/wp-content\/uploads\/2020\/10\/cropped-001995820.jpg\"><\/div> <div  class=\"overlay bg-color6\"><\/div> <div  class=\"swap-inner col-xs-12\"> <div  class=\"row full-height-row middle-xs middle-sm\"> <div  class=\"col-xs-12 text-center content-holder\"> <a class=\"button small color8 round\" href=\"http:\/\/labalu.fr\/index.php\/silex-2\" target=\"_self\" data-cp-link=\"1\" data-icon=\"\" rel=\"noopener noreferrer\">Voir<\/a><\/div> <\/div><\/div> <\/div> <div  class=\"col-xs-12\"> <div  class=\"space-bottom space-top\" data-type=\"column\"> <h5  class=\"\">SYLEX 2<\/h5> <p  class=\"small italic\">Ensemble de bureaux et services preniums<\/p><\/div> <\/div><\/div> <\/div><div  class=\"col-xs-12 col-sm-4 text-center col-md-3 \"> <div  class=\"card no-padding bordered\"> <div  data-hover-fx=\"portfolio-6\" class=\"contentswap-effect\"> <div  class=\"initial-image\"> <img  data-size=\"500x333\" src=\"http:\/\/labalu.fr\/wp-content\/uploads\/2020\/10\/cropped-hardel-le-bihan-projets-orange-campus-part-dieu-1-2360x1568-q80.jpg\"><\/div> <div  class=\"overlay bg-color6\"><\/div> <div  class=\"swap-inner col-xs-12\"> <div  class=\"row full-height-row middle-xs middle-sm\"> <div  class=\"col-xs-12 text-center content-holder\"> <a class=\"button small color8 white-text round\" href=\"http:\/\/labalu.fr\/index.php\/campus-orange\" target=\"_self\" data-cp-link=\"1\" data-icon=\"\" rel=\"noopener noreferrer\">Voir<\/a><\/div> <\/div><\/div> <\/div> <div  class=\"col-xs-12\"> <div  class=\"space-bottom space-top\" data-type=\"column\"> <h5  class=\"\">CAMPUS ORANGE<\/h5> <p  class=\"small italic\">Transformation du nouveau si\u00e8ge r\u00e9gional d\u2019Orange<\/p><\/div> <\/div><\/div> <\/div><div  class=\"col-xs-12 col-sm-4 text-center col-md-3 \"> <div  class=\"card no-padding bordered\"> <div  data-hover-fx=\"portfolio-6\" class=\"contentswap-effect\"> <div  class=\"initial-image\"> <img  data-size=\"500x333\" src=\"http:\/\/labalu.fr\/wp-content\/uploads\/2020\/10\/cropped-797960-7.jpg\"><\/div> <div  class=\"overlay bg-color6\"><\/div> <div  class=\"swap-inner col-xs-12\"> <div  class=\"row full-height-row middle-xs middle-sm\"> <div  class=\"col-xs-12 text-center content-holder\"> <a class=\"button small color8 round\" href=\"http:\/\/labalu.fr\/index.php\/kbis-2\" target=\"_self\" data-cp-link=\"1\" data-icon=\"\" rel=\"noopener noreferrer\">Voir<\/a><\/div> <\/div><\/div> <\/div> <div  class=\"col-xs-12\"> <div  class=\"space-bottom space-top\" data-type=\"column\"> <h5  class=\"\">KBIS<\/h5> <p  class=\"small italic\">Bureaux situ\u00e9s \u00e0 proximit\u00e9 de Carre de Soie<\/p><\/div> <\/div><\/div> <\/div><div  class=\"col-xs-12 col-sm-4 text-center col-md-3 \"> <div  class=\"card no-padding bordered\"> <div  data-hover-fx=\"portfolio-6\" class=\"contentswap-effect\"> <div  class=\"initial-image\"> <img  data-size=\"500x333\" src=\"http:\/\/labalu.fr\/wp-content\/uploads\/2020\/10\/cropped-1440_project_image_301_image_fr.jpg\"><\/div> <div  class=\"overlay bg-color6\"><\/div> <div  class=\"swap-inner col-xs-12\"> <div  class=\"row full-height-row middle-xs middle-sm\"> <div  class=\"col-xs-12 text-center content-holder\"> <a class=\"button small color8 round\" href=\"http:\/\/labalu.fr\/index.php\/eklaa\" target=\"_self\" data-cp-link=\"1\" data-icon=\"\" rel=\"noopener noreferrer\">Voir<\/a><\/div> <\/div><\/div> <\/div> <div  class=\"col-xs-12\"> <div  class=\"space-bottom space-top\" data-type=\"column\"> <h5  class=\"\">EKLAA<\/h5> <p  class=\"small italic\">Batiment \u00e9coresponsable de bureaux en plein coeur de Gerland<\/p><\/div> <\/div><\/div> <\/div><div  class=\"col-xs-12 col-sm-4 text-center col-md-3 \"> <div  class=\"card no-padding bordered\"> <div  data-hover-fx=\"portfolio-6\" class=\"contentswap-effect\"> <div  class=\"initial-image\"> <img  data-size=\"500x333\" src=\"http:\/\/labalu.fr\/wp-content\/uploads\/2021\/03\/cropped-IlotNVilleurbanneCarredeSoie-2.jpg\"><\/div> <div  class=\"overlay bg-color6\"><\/div> <div  class=\"swap-inner col-xs-12\"> <div  class=\"row full-height-row middle-xs middle-sm\"> <div  class=\"col-xs-12 text-center content-holder\"> <a class=\"button small color8 round\" href=\"http:\/\/labalu.fr\/index.php\/ilot-n\" target=\"_self\" data-cp-link=\"1\" data-icon=\"\" rel=\"noopener noreferrer\">Voir<\/a><\/div> <\/div><\/div> <\/div> <div  class=\"col-xs-12\"> <div  class=\"space-bottom space-top\" data-type=\"column\"> <h5  class=\"\">ILOT N<\/h5> <p  class=\"small italic\">Centre au Carr\u00e9 de Soie<\/p><\/div> <\/div><\/div> <\/div><div  class=\"col-xs-12 col-sm-4 text-center col-md-3 \"> <div  class=\"card no-padding bordered\"> <div  data-hover-fx=\"portfolio-6\" class=\"contentswap-effect\"> <div  class=\"initial-image\"> <img  data-size=\"500x333\" src=\"http:\/\/labalu.fr\/wp-content\/uploads\/2020\/10\/cropped-2020-CAMPUS-RTE-JONAGE-L-2-1000x667-555x370-1.jpg\"><\/div> <div  class=\"overlay bg-color6\"><\/div> <div  class=\"swap-inner col-xs-12\"> <div  class=\"row full-height-row middle-xs middle-sm\"> <div  class=\"col-xs-12 text-center content-holder\"> <a class=\"button small color8 round\" href=\"http:\/\/labalu.fr\/index.php\/rte-jonage\" target=\"_self\" data-cp-link=\"1\" data-icon=\"\" rel=\"noopener noreferrer\">Voir<\/a><\/div> <\/div><\/div> <\/div> <div  class=\"col-xs-12\"> <div  class=\"space-bottom space-top\" data-type=\"column\"> <h5  class=\"\">RTE JONAGE<\/h5> <p  class=\"small italic\">Nouveau campus de formation, d\u2019innovation et d\u2019expertise<\/p><\/div> <\/div><\/div> <\/div><div  class=\"col-xs-12 col-sm-4 text-center col-md-3 \"> <div  class=\"card no-padding bordered\"> <div  data-hover-fx=\"portfolio-6\" class=\"contentswap-effect\"> <div  class=\"initial-image\"> <img  data-size=\"500x333\" src=\"http:\/\/labalu.fr\/wp-content\/uploads\/2020\/10\/cropped-DCB_PARKVIEW_VUE_PARIVS_03.jpg\"><\/div> <div  class=\"overlay bg-color6\"><\/div> <div  class=\"swap-inner col-xs-12\"> <div  class=\"row full-height-row middle-xs middle-sm\"> <div  class=\"col-xs-12 text-center content-holder\"> <a class=\"button small color8 round\" href=\"http:\/\/labalu.fr\/index.php\/parkview-2\" target=\"_self\" data-cp-link=\"1\" data-icon=\"\" rel=\"noopener noreferrer\">Voir<\/a><\/div> <\/div><\/div> <\/div> <div  class=\"col-xs-12\"> <div  class=\"space-bottom space-top\" data-type=\"column\"> <h5  class=\"\">PARKVIEW<\/h5> <p  class=\"small italic\">Bureaux \u00e0 proximit\u00e9 de la Gare Part-Dieu<\/p><\/div> <\/div><\/div> <\/div><div  class=\"col-xs-12 col-sm-4 text-center col-md-3 \"> <div  class=\"card no-padding bordered\"> <div  data-hover-fx=\"portfolio-6\" class=\"contentswap-effect\"> <div  class=\"initial-image\"> <img  data-size=\"500x333\" src=\"http:\/\/labalu.fr\/wp-content\/uploads\/2020\/10\/cropped-x_pole.jpg\"><\/div> <div  class=\"overlay bg-color6\"><\/div> <div  class=\"swap-inner col-xs-12\"> <div  class=\"row full-height-row middle-xs middle-sm\"> <div  class=\"col-xs-12 text-center content-holder\"> <a class=\"button small color8 round\" href=\"http:\/\/labalu.fr\/index.php\/x-pole\" target=\"_self\" data-cp-link=\"1\" data-icon=\"\" rel=\"noopener noreferrer\">Voir<\/a><\/div> <\/div><\/div> <\/div> <div  class=\"col-xs-12\"> <div  class=\"space-bottom space-top\" data-type=\"column\"> <h5  class=\"\">XPOLE<\/h5> <p  class=\"small italic\">Nouveau batiment embl\u00e9matique de Schneider Electric<\/p><\/div> <\/div><\/div> <\/div><div  class=\"col-xs-12 col-sm-4 text-center col-md-3 \"> <div  class=\"card no-padding bordered\"> <div  data-hover-fx=\"portfolio-6\" class=\"contentswap-effect\"> <div  class=\"initial-image\"> <img  data-size=\"500x333\" src=\"http:\/\/labalu.fr\/wp-content\/uploads\/2020\/10\/cropped-Lycee-Vaugelas.jpg\"><\/div> <div  class=\"overlay bg-color6\"><\/div> <div  class=\"swap-inner col-xs-12\"> <div  class=\"row full-height-row middle-xs middle-sm\"> <div  class=\"col-xs-12 text-center content-holder\"> <a class=\"button small color8 round\" href=\"http:\/\/labalu.fr\/index.php\/lycee-vaugelas-3\" target=\"_self\" data-cp-link=\"1\" data-icon=\"\" rel=\"noopener noreferrer\">Voir<\/a><\/div> <\/div><\/div> <\/div> <div  class=\"col-xs-12\"> <div  class=\"space-bottom space-top\" data-type=\"column\"> <h5  class=\"\">LYCEE VAUGELAS<\/h5> <p  class=\"small italic\">Lyc\u00e9e situ\u00e9 dans la commune de Chamb\u00e9ry<\/p><\/div> <\/div><\/div> <\/div><div  class=\"col-xs-12 col-sm-4 text-center col-md-3 \"> <div  class=\"card no-padding bordered\"> <div  data-hover-fx=\"portfolio-6\" class=\"contentswap-effect\"> <div  class=\"initial-image\"> <img  data-size=\"500x333\" src=\"http:\/\/labalu.fr\/wp-content\/uploads\/2020\/10\/cropped-0.jpg\"><\/div> <div  class=\"overlay bg-color6\"><\/div> <div  class=\"swap-inner col-xs-12\"> <div  class=\"row full-height-row middle-xs middle-sm\"> <div  class=\"col-xs-12 text-center content-holder\"> <a class=\"button small color8 white-text round\" href=\"http:\/\/labalu.fr\/index.php\/le-rayon-vert\" target=\"_self\" data-cp-link=\"1\" data-icon=\"\" rel=\"noopener noreferrer\">VOIR<\/a><\/div> <\/div><\/div> <\/div> <div  class=\"col-xs-12\"> <div  class=\"space-bottom space-top\" data-type=\"column\"> <h5  class=\"\">LE RAYON VERT<\/h5> <p  class=\"small italic\">Construction d\u2019un immeuble de bureaux situ\u00e9 \u00e0 Grenoble<\/p><\/div> <\/div><\/div> <\/div><div  class=\"col-xs-12 col-sm-4 text-center col-md-3 \"> <div  class=\"card no-padding bordered\"> <div  data-hover-fx=\"portfolio-6\" class=\"contentswap-effect\"> <div  class=\"initial-image\"> <img  data-size=\"500x333\" src=\"http:\/\/labalu.fr\/wp-content\/uploads\/2020\/10\/cropped-380.jpg\"><\/div> <div  class=\"overlay bg-color6\"><\/div> <div  class=\"swap-inner col-xs-12\"> <div  class=\"row full-height-row middle-xs middle-sm\"> <div  class=\"col-xs-12 text-center content-holder\"> <a class=\"button small color8 white-text round\" href=\"http:\/\/labalu.fr\/index.php\/le-380\" target=\"_self\" data-cp-link=\"1\" data-icon=\"\" rel=\"noopener noreferrer\">VOIR<\/a><\/div> <\/div><\/div> <\/div> <div  class=\"col-xs-12\"> <div  class=\"space-bottom space-top\" data-type=\"column\"> <h5  class=\"\">LE 380<\/h5> <p  class=\"small italic\">Bureaux situ\u00e9s \u00e0 proximit\u00e9 du Parc de la t\u00eate d\u2019or<\/p><\/div> <\/div><\/div> <\/div><div  class=\"col-xs-12 col-sm-4 text-center col-md-3 \"> <div  class=\"card no-padding bordered\"> <div  data-hover-fx=\"portfolio-6\" class=\"contentswap-effect\"> <div  class=\"initial-image\"> <img  data-size=\"500x333\" src=\"http:\/\/labalu.fr\/wp-content\/uploads\/2020\/10\/cropped-SLIDE00-201312-DESAIX-LYON_vue-depuis-la-rue-Desaix-_V3_cACDP-1200x675-1.jpg\"><\/div> <div  class=\"overlay bg-color6\"><\/div> <div  class=\"swap-inner col-xs-12\"> <div  class=\"row full-height-row middle-xs middle-sm\"> <div  class=\"col-xs-12 text-center content-holder\"> <a class=\"button small color8 white-text round\" href=\"http:\/\/labalu.fr\/index.php\/ilot-desaix\" target=\"_self\" data-cp-link=\"1\" data-icon=\"\" rel=\"noopener noreferrer\">VOIR<\/a><\/div> <\/div><\/div> <\/div> <div  class=\"col-xs-12\"> <div  class=\"space-bottom space-top\" data-type=\"column\"> <h5  class=\"\">ILOT DE SAIX<\/h5> <p  class=\"small italic\">Immeubles contenant des bureaux et logements dans le quartier de la Part-Dieu<\/p><\/div> <\/div><\/div> <\/div><div  class=\"col-xs-12 col-sm-4 text-center col-md-3 \"> <div  class=\"card no-padding bordered\"> <div  data-hover-fx=\"portfolio-6\" class=\"contentswap-effect\"> <div  class=\"initial-image\"> <img  data-size=\"500x333\" src=\"http:\/\/labalu.fr\/wp-content\/uploads\/2020\/10\/cropped-organdi.jpg\"><\/div> <div  class=\"overlay bg-color6\"><\/div> <div  class=\"swap-inner col-xs-12\"> <div  class=\"row full-height-row middle-xs middle-sm\"> <div  class=\"col-xs-12 text-center content-holder\"> <a class=\"button small color8 white-text round\" href=\"http:\/\/labalu.fr\/index.php\/organdi-2\" target=\"_self\" data-cp-link=\"1\" data-icon=\"\" rel=\"noopener noreferrer\">VOIR<\/a><\/div> <\/div><\/div> <\/div> <div  class=\"col-xs-12\"> <div  class=\"space-bottom space-top\" data-type=\"column\"> <h5  class=\"\">ORGANDI<\/h5> <p  class=\"small italic\">Bureaux \u00e0 proximit\u00e9 du centre commercial Carr\u00e9 de Soie<\/p><\/div> <\/div><\/div> <\/div><div  class=\"col-xs-12 col-sm-4 text-center col-md-3\"> <div  class=\"card no-padding bordered\"> <div  data-hover-fx=\"portfolio-6\" class=\"contentswap-effect\"> <div  class=\"initial-image\"> <img  data-size=\"500x333\" src=\"http:\/\/labalu.fr\/wp-content\/uploads\/2021\/01\/cropped-lafayette-10.jpg\"><\/div> <div  class=\"overlay bg-color6\"><\/div> <div  class=\"swap-inner col-xs-12\"> <div  class=\"row full-height-row middle-xs middle-sm\"> <div  class=\"col-xs-12 text-center content-holder\"> <a class=\"button small color8 white-text round\" href=\"http:\/\/labalu.fr\/index.php\/lafayette\" target=\"_self\" data-cp-link=\"1\" data-icon=\"\" rel=\"noopener noreferrer\">VOIR<\/a><\/div> <\/div><\/div> <\/div> <div  class=\"col-xs-12\"> <div  class=\"space-bottom space-top\" data-type=\"column\"> <h5  class=\"\">LAFAYETTE<\/h5> <p  class=\"small italic\">Restructuration des Galeries Lafayette<\/p><\/div> <\/div><\/div> <\/div><div  class=\"col-xs-12 col-sm-4 text-center col-md-3\"> <div  class=\"card no-padding bordered\"> <div  data-hover-fx=\"portfolio-6\" class=\"contentswap-effect\"> <div  class=\"initial-image\"> <img  data-size=\"500x333\" src=\"http:\/\/labalu.fr\/wp-content\/uploads\/2021\/01\/cropped-5cb89b078c56656320764b4a.jpg\"><\/div> <div  class=\"overlay bg-color6\"><\/div> <div  class=\"swap-inner col-xs-12\"> <div  class=\"row full-height-row middle-xs middle-sm\"> <div  class=\"col-xs-12 text-center content-holder\"> <a class=\"button small color8 white-text round\" href=\"http:\/\/labalu.fr\/index.php\/sky\" target=\"_self\" data-cp-link=\"1\" data-icon=\"\" rel=\"noopener noreferrer\">VOIR<\/a><\/div> <\/div><\/div> <\/div> <div  class=\"col-xs-12\"> <div  class=\"space-bottom space-top\" data-type=\"column\"> <h5  class=\"\">SKY 56<\/h5> <p  class=\"small italic\">Le Sky 56 est un ensemble immobilier dans le quartier de la Part-Dieu<\/p><\/div> <\/div><\/div> <\/div><div  class=\"col-xs-12 col-sm-4 text-center col-md-3\"> <div  class=\"card no-padding bordered\"> <div  data-hover-fx=\"portfolio-6\" class=\"contentswap-effect\"> <div  class=\"initial-image\"> <img  data-size=\"500x333\" src=\"http:\/\/labalu.fr\/wp-content\/uploads\/2021\/01\/cropped-Brickwall-1.jpg\"><\/div> <div  class=\"overlay bg-color6\"><\/div> <div  class=\"swap-inner col-xs-12\"> <div  class=\"row full-height-row middle-xs middle-sm\"> <div  class=\"col-xs-12 text-center content-holder\"> <a class=\"button small color8 white-text round\" href=\"http:\/\/labalu.fr\/index.php\/brickwall-3\" target=\"_self\" data-cp-link=\"1\" data-icon=\"\" rel=\"noopener noreferrer\">VOIR<\/a><\/div> <\/div><\/div> <\/div> <div  class=\"col-xs-12\"> <div  class=\"space-bottom space-top\" data-type=\"column\"> <h5  class=\"\">BRICKWALL<\/h5> <p  class=\"small italic\">L\u2019immeuble Brickwall, est situ\u00e9 dans le 7\u00e8me arrondissement de Lyon, au c\u0153ur du quartier de Gerland, sur la ZAC des Girondins<\/p><\/div> <\/div><\/div> <\/div><div  class=\"col-xs-12 col-sm-4 text-center col-md-3\"> <div  class=\"card no-padding bordered\"> <div  data-hover-fx=\"portfolio-6\" class=\"contentswap-effect\"> <div  class=\"initial-image\"> <img  data-size=\"500x333\" src=\"http:\/\/labalu.fr\/wp-content\/uploads\/2021\/01\/cropped-lkl.jpg\"><\/div> <div  class=\"overlay bg-color6\"><\/div> <div  class=\"swap-inner col-xs-12\"> <div  class=\"row full-height-row middle-xs middle-sm\"> <div  class=\"col-xs-12 text-center content-holder\"> <a class=\"button small color8 white-text round\" href=\"http:\/\/labalu.fr\/index.php\/confluent\" target=\"_self\" data-cp-link=\"1\" data-icon=\"\" rel=\"noopener noreferrer\">VOIR<\/a><\/div> <\/div><\/div> <\/div> <div  class=\"col-xs-12\"> <div  class=\"space-bottom space-top\" data-type=\"column\"> <h5  class=\"\">LYCEE CONFLUENT<\/h5><p  class=\"small italic\">Cit\u00e9 scolaire internationale situ\u00e9 \u00e0 Lyon<\/p> <\/div> <\/div><\/div> <\/div><\/div> <div  class=\"row\"><div  data-type=\"column\" class=\"col-xs-12 text-center\"> <\/div> <\/div><\/div> <\/div>","protected":false},"excerpt":{"rendered":"<p>D\u00e9couvrez nos r\u00e9alisations en photos Voir WORK IN PARK B\u00e2timent de bureaux situ\u00e9 dans la ZAC Techsud de Gerland Voir URBAN GARDEN Future Direction R\u00e9gional d\u2019Engie, situ\u00e9e au coeur de Gerland Voir SYLEX 2 Ensemble de bureaux et services preniums Voir CAMPUS ORANGE Transformation du nouveau si\u00e8ge r\u00e9gional d\u2019Orange Voir KBIS Bureaux situ\u00e9s \u00e0 proximit\u00e9&hellip; <br \/> <a class=\"read-more\" href=\"https:\/\/labalu.fr\/index.php\/nos-references-en-details\/\">Lire la suite<\/a><\/p>\n","protected":false},"author":1,"featured_media":0,"parent":0,"menu_order":0,"comment_status":"closed","ping_status":"closed","template":"pro\/page-templates\/full-width-page.php","meta":[],"_links":{"self":[{"href":"https:\/\/labalu.fr\/index.php\/wp-json\/wp\/v2\/pages\/258"}],"collection":[{"href":"https:\/\/labalu.fr\/index.php\/wp-json\/wp\/v2\/pages"}],"about":[{"href":"https:\/\/labalu.fr\/index.php\/wp-json\/wp\/v2\/types\/page"}],"author":[{"embeddable":true,"href":"https:\/\/labalu.fr\/index.php\/wp-json\/wp\/v2\/users\/1"}],"replies":[{"embeddable":true,"href":"https:\/\/labalu.fr\/index.php\/wp-json\/wp\/v2\/comments?post=258"}],"version-history":[{"count":38,"href":"https:\/\/labalu.fr\/index.php\/wp-json\/wp\/v2\/pages\/258\/revisions"}],"predecessor-version":[{"id":1279,"href":"https:\/\/labalu.fr\/index.php\/wp-json\/wp\/v2\/pages\/258\/revisions\/1279"}],"wp:attachment":[{"href":"https:\/\/labalu.fr\/index.php\/wp-json\/wp\/v2\/media?parent=258"}],"curies":[{"name":"wp","href":"https:\/\/api.w.org\/{rel}","templated":true}]}}