{"id":39,"date":"2018-07-31T15:47:53","date_gmt":"2018-07-31T13:47:53","guid":{"rendered":"http:\/\/labalu.fr\/index.php\/mesmerize\/"},"modified":"2021-08-27T15:26:53","modified_gmt":"2021-08-27T13:26:53","slug":"mesmerize","status":"publish","type":"page","link":"https:\/\/labalu.fr\/","title":{"rendered":"Front Page"},"content":{"rendered":"<div  id=\"nos-valeurs\" style=\"background-color: #ffffff;\" data-label=\"Nos valeurs\" data-id=\"overlappable-4\" data-export-id=\"overlappable-4\" data-category=\"overlappable\" class=\"overlappable-4 content-section content-section-spacing\" data-overlap=\"true\"><div  class=\"gridContainer\"> <div  data-type=\"row\" class=\"row spaced-cols text-center\"><div  class=\"col-xs-12 col-sm-4 col-padding\"> <i  class=\"fa icon shadow-large-black aligncenter fa-magic bordered round color6\"><\/i> <div  data-type=\"column\" class=\"\"><h5  class=\"\">QUALITE<\/h5> <\/div> <\/div><div  class=\"col-xs-12 col-sm-4 col-padding\"> <a data-cp-link=\"1\" href=\"#\" target=\"_self\" rel=\"noopener noreferrer\"><i  class=\"fa icon shadow-large-black aligncenter fa-key bordered round color6\"><\/i><\/a> <div  data-type=\"column\" class=\"\"> <h5  class=\"\">SAVOIR-FAIRE<\/h5> <\/div> <\/div><div  class=\"col-xs-12 col-sm-4 col-padding\"> <i  class=\"fa icon shadow-large-black aligncenter fa-handshake-o bordered round color6\"><\/i> <div  data-type=\"column\" class=\"\"><h5  class=\"\">SATISFACTION CLIENT<\/h5> <\/div> <\/div>  <\/div> <\/div><\/div><div  data-label=\"LABALU\" data-id=\"about--2\" data-export-id=\"about-text-image\" data-category=\"about\" class=\"about-text-image content-section content-section-spacing\" id=\"labalu\" style=\"background-color: rgb(245, 250, 253);\"><div  class=\"gridContainer\"> <div  class=\"row\"><div  class=\"col-sm-6 col-padding-small-xs col-sm-padding-large bg-color5 white-text content-col\" data-type=\"column\">  <h2  class=\"\" style=\"text-align: left;\">Qui sommes-nous ?<\/h2><h5  class=\"\">Une jeune entreprise dynamique<\/h5><p  class=\"\">Cr\u00e9\u00e9e le 26 juin 2017 par Mohamed LABBANE, LABALU est une PME sp\u00e9cialis\u00e9e dans l\u2019enveloppe du b\u00e2timent. Elle intervient pour la pose et l\u2019installation des menuiseries ext\u00e9rieures, bardages, serrureries, occultations, murs rideaux et blocs de fa\u00e7ade.<\/p> <p  class=\"\">Notre \u00e9quipe reste \u00e0 votre disposition et \u00e0 votre \u00e9coute pour \u00e9tudier tous vos projets et ainsi vous conseiller au mieux dans leurs r\u00e9alisations.<\/p><p  class=\"\">Situ\u00e9e \u00e0 Lyon, LABALU intervient en France et \u00e0 l\u2019\u00e9tranger.<\/p><a class=\"button color-white dark-text round\" href=\"http:\/\/labalu.fr\/index.php\/nous-situer\" target=\"_self\" data-cp-link=\"1\" data-icon=\"\" rel=\"noopener noreferrer\">NOUS SITUER<\/a><\/div> <div  class=\"col-sm-6 flexbox-strech center-xs middle-xs no-gutter-col\"><div  class=\"shadow-large overlap-left-large flexbox middle-xs center-xs right-img\" data-bg=\"image\" style=\"background-image: url(&quot;http:\/\/labalu.fr\/wp-content\/uploads\/2020\/10\/cropped-city-4883769_1920.jpg&quot;);\"><\/div><\/div> <\/div><\/div> <\/div><div  data-label=\"Nos prestations\" data-id=\"content--4\" data-export-id=\"content-5-2\" data-category=\"content\" class=\"content-5-2 content-section content-section-spacing\" id=\"nos-prestations\" style=\"background-color: rgb(255, 255, 255); background-image: none;\"><div  class=\"gridContainer\"> <div  class=\"row text-center\"><div  class=\"section-title-col\" data-type=\"column\"> <h2  class=\"\" style=\"text-align: left;\">Nos prestations<\/h2> <p  class=\"lead\" style=\"text-align: left;\">Apr\u00e8s une \u00e9tude approfondie de votre projet, nous choisirons avec vous les prestations qui r\u00e9pondront au mieux \u00e0 vos attentes.<\/p><\/div> <\/div> <div  class=\"row middle-sm\"> <div  class=\"col-sm-6 flexbox around-xs top-xs\"> <div  class=\"overlay-box flexbox middle-xs center-xs overlay-holder\"> <div  class=\"overlay-box-offset offset-background shadow-medium bg-color2 hide-xs\"><\/div> <img  class=\"flexbox shadow-large img1\" data-size=\"485x632\" src=\"http:\/\/labalu.fr\/wp-content\/uploads\/2018\/07\/cropped-building-1245984_1920-3.jpg\" alt=\"\" title=\"cropped-building-1245984_1920-3.jpg\"><\/div> <\/div> <div  class=\"col-sm-6 space-bottom-xs\"> <div  class=\"row space-bottom content-holder\" data-type=\"column\"> <h3  class=\"color2\" style=\"text-align: left;\"><span  style=\"color: rgb(247, 131, 20);\">V\u00e9ritable offre sur-mesure, nous vous apportons tout notre savoir-faire<\/span><\/h3> <p  class=\"\"><b >NOS PRESTATIONS<\/b><\/p><p  class=\"\" style=\"text-align: left;\">Chassis aluminium<br >\nMurs rideaux<br >\nVitrages<br >\nVerri\u00e8res<br >\nGarde corps<br >\nStores, volets roulants, BSO<br >\nToutes structure aluminium<br >\nFacade technique bloc<\/p><p  class=\"\"><span  style=\"font-weight: 700;\">LOCATION MOYEN DE LEVAGE<\/span><span  id=\"_mce_caret\" data-mce-bogus=\"1\" data-mce-type=\"format-caret\"><span  style=\"font-weight: 700;\">\ufeff<\/span><\/span><\/p><p  class=\"\">Grue mobile remorque Bocker<br >\nMini grue Araign\u00e9e<\/p><\/div> <div  class=\"row space-bottom\" data-type=\"row\"><div  class=\"col-sm-6 space-bottom\"><a class=\"button force-shadow color8 dark-text round outline\" href=\"#contact\" target=\"_self\" data-cp-link=\"1\" data-icon=\"\" rel=\"noopener noreferrer\">NOUS CONTACTER<\/a>   <\/div>    <\/div><\/div> <\/div><\/div> <\/div><div  data-label=\"Nos references\" data-id=\"gallery--1\" data-export-id=\"gallery-1\" data-category=\"gallery\" class=\"gallery-1 content-section content-section-spacing\" id=\"nos-references\" style=\"background-color: rgb(245, 250, 253);\"><div  class=\"gridContainer\"> <div  class=\"row\"><div  class=\"section-title-col\" data-type=\"column\"> <h2  class=\"\">Nos r\u00e9f\u00e9rences<\/h2> <p  class=\"lead\">D\u00e9couvrez nos r\u00e9alisations<\/p><a class=\"button color8 white-text round\" href=\"http:\/\/labalu.fr\/index.php\/nos-references-en-details\" target=\"_self\" data-cp-link=\"1\" data-icon=\"\" rel=\"noopener noreferrer\">NOS PROJETS EN DETAIL<\/a><\/div> <\/div> <div  class=\"row text-center\"> <div  class=\"col-xs-12\" data-editable=\"true\" data-content-shortcode=\"mesmerize_gallery id=&quot;mesmerize-gallery-1&quot; columns=&quot;4&quot; ids=&quot;376,377,378,379,381,382,388,390&quot; lb=&quot;1&quot; masonry=&quot;1&quot; size=&quot;medium&quot; link=&quot;file&quot; \"><div id='mesmerize-gallery-1' class='gallery-wrapper'><style type=\"text\/css\">\n                    @media only screen and (min-width: 768px) {\n                    [data-unique-id='mesmerize-gallery-1-69ecb87811a80'] dl {\n                        float: left;\n                        width: 25% !important;\n                        max-width:  25% !important;\n                        min-width:  25% !important;\n                    }\n\n                    [data-unique-id='mesmerize-gallery-1-69ecb87811a80'] dl:nth-of-type(4n +1 ) {\n                      clear: both;\n                      }\n                    }\n                <\/style><div id='mesmerize-gallery-1' class='mesmerize-gallery-1-dls-wrapper gallery-items-wrapper materialis-gallery' data-unique-id='mesmerize-gallery-1-69ecb87811a80'><dl class='gallery-item'>\n\t\t\t<dt class='gallery-icon landscape'>\n\t\t\t\t<a data-fancybox=\"mesmerize-gallery-1-group\" href='https:\/\/labalu.fr\/wp-content\/uploads\/2020\/10\/1440_project_image_301_image_fr-1.jpg'><img  width=\"300\" height=\"230\" src=\"https:\/\/labalu.fr\/wp-content\/uploads\/2020\/10\/1440_project_image_301_image_fr-1-300x230.jpg\"  class='mesmerize-gallery-1-image' alt=\"\" loading=\"lazy\" aria-describedby=\"gallery-1-376\" srcset=\"https:\/\/labalu.fr\/wp-content\/uploads\/2020\/10\/1440_project_image_301_image_fr-1-300x230.jpg 300w, https:\/\/labalu.fr\/wp-content\/uploads\/2020\/10\/1440_project_image_301_image_fr-1-1024x786.jpg 1024w, https:\/\/labalu.fr\/wp-content\/uploads\/2020\/10\/1440_project_image_301_image_fr-1-768x590.jpg 768w, https:\/\/labalu.fr\/wp-content\/uploads\/2020\/10\/1440_project_image_301_image_fr-1-1406x1080.jpg 1406w, https:\/\/labalu.fr\/wp-content\/uploads\/2020\/10\/1440_project_image_301_image_fr-1.jpg 1440w\" sizes=\"(max-width: 300px) 100vw, 300px\" \/><\/a>\n\t\t\t<\/dt>\n\t\t\t\t<dd class='wp-caption-text gallery-caption' id='gallery-1-376'>\n\t\t\t\tEKLAA\n\t\t\t\t<\/dd><\/dl><dl class='gallery-item'>\n\t\t\t<dt class='gallery-icon landscape'>\n\t\t\t\t<a data-fancybox=\"mesmerize-gallery-1-group\" href='https:\/\/labalu.fr\/wp-content\/uploads\/2020\/10\/2020-CAMPUS-RTE-JONAGE-L-2-1000x667-555x370-2.jpg'><img  width=\"300\" height=\"200\" src=\"https:\/\/labalu.fr\/wp-content\/uploads\/2020\/10\/2020-CAMPUS-RTE-JONAGE-L-2-1000x667-555x370-2-300x200.jpg\"  class='mesmerize-gallery-1-image' alt=\"\" loading=\"lazy\" aria-describedby=\"gallery-1-377\" srcset=\"https:\/\/labalu.fr\/wp-content\/uploads\/2020\/10\/2020-CAMPUS-RTE-JONAGE-L-2-1000x667-555x370-2-300x200.jpg 300w, https:\/\/labalu.fr\/wp-content\/uploads\/2020\/10\/2020-CAMPUS-RTE-JONAGE-L-2-1000x667-555x370-2.jpg 555w\" sizes=\"(max-width: 300px) 100vw, 300px\" \/><\/a>\n\t\t\t<\/dt>\n\t\t\t\t<dd class='wp-caption-text gallery-caption' id='gallery-1-377'>\n\t\t\t\tCAMPUS RTE\n\t\t\t\t<\/dd><\/dl><dl class='gallery-item'>\n\t\t\t<dt class='gallery-icon landscape'>\n\t\t\t\t<a data-fancybox=\"mesmerize-gallery-1-group\" href='https:\/\/labalu.fr\/wp-content\/uploads\/2020\/10\/797960-7-1.jpg'><img  width=\"300\" height=\"240\" src=\"https:\/\/labalu.fr\/wp-content\/uploads\/2020\/10\/797960-7-1-300x240.jpg\"  class='mesmerize-gallery-1-image' alt=\"\" loading=\"lazy\" aria-describedby=\"gallery-1-378\" srcset=\"https:\/\/labalu.fr\/wp-content\/uploads\/2020\/10\/797960-7-1-300x240.jpg 300w, https:\/\/labalu.fr\/wp-content\/uploads\/2020\/10\/797960-7-1.jpg 640w\" sizes=\"(max-width: 300px) 100vw, 300px\" \/><\/a>\n\t\t\t<\/dt>\n\t\t\t\t<dd class='wp-caption-text gallery-caption' id='gallery-1-378'>\n\t\t\t\tKBIS\n\t\t\t\t<\/dd><\/dl><dl class='gallery-item'>\n\t\t\t<dt class='gallery-icon landscape'>\n\t\t\t\t<a data-fancybox=\"mesmerize-gallery-1-group\" href='https:\/\/labalu.fr\/wp-content\/uploads\/2020\/10\/001995820-1.jpg'><img  width=\"300\" height=\"193\" src=\"https:\/\/labalu.fr\/wp-content\/uploads\/2020\/10\/001995820-1-300x193.jpg\"  class='mesmerize-gallery-1-image' alt=\"\" loading=\"lazy\" aria-describedby=\"gallery-1-379\" srcset=\"https:\/\/labalu.fr\/wp-content\/uploads\/2020\/10\/001995820-1-300x193.jpg 300w, https:\/\/labalu.fr\/wp-content\/uploads\/2020\/10\/001995820-1-768x494.jpg 768w, https:\/\/labalu.fr\/wp-content\/uploads\/2020\/10\/001995820-1.jpg 1000w\" sizes=\"(max-width: 300px) 100vw, 300px\" \/><\/a>\n\t\t\t<\/dt>\n\t\t\t\t<dd class='wp-caption-text gallery-caption' id='gallery-1-379'>\n\t\t\t\tSILEX 2\n\t\t\t\t<\/dd><\/dl><dl class='gallery-item'>\n\t\t\t<dt class='gallery-icon landscape'>\n\t\t\t\t<a data-fancybox=\"mesmerize-gallery-1-group\" href='https:\/\/labalu.fr\/wp-content\/uploads\/2020\/10\/DCB_PARKVIEW_VUE_PARIVS_03-1.jpg'><img  width=\"300\" height=\"180\" src=\"https:\/\/labalu.fr\/wp-content\/uploads\/2020\/10\/DCB_PARKVIEW_VUE_PARIVS_03-1-300x180.jpg\"  class='mesmerize-gallery-1-image' alt=\"\" loading=\"lazy\" aria-describedby=\"gallery-1-381\" srcset=\"https:\/\/labalu.fr\/wp-content\/uploads\/2020\/10\/DCB_PARKVIEW_VUE_PARIVS_03-1-300x180.jpg 300w, https:\/\/labalu.fr\/wp-content\/uploads\/2020\/10\/DCB_PARKVIEW_VUE_PARIVS_03-1-1024x614.jpg 1024w, https:\/\/labalu.fr\/wp-content\/uploads\/2020\/10\/DCB_PARKVIEW_VUE_PARIVS_03-1-768x461.jpg 768w, https:\/\/labalu.fr\/wp-content\/uploads\/2020\/10\/DCB_PARKVIEW_VUE_PARIVS_03-1-1536x922.jpg 1536w, https:\/\/labalu.fr\/wp-content\/uploads\/2020\/10\/DCB_PARKVIEW_VUE_PARIVS_03-1-1800x1080.jpg 1800w, https:\/\/labalu.fr\/wp-content\/uploads\/2020\/10\/DCB_PARKVIEW_VUE_PARIVS_03-1.jpg 1920w\" sizes=\"(max-width: 300px) 100vw, 300px\" \/><\/a>\n\t\t\t<\/dt>\n\t\t\t\t<dd class='wp-caption-text gallery-caption' id='gallery-1-381'>\n\t\t\t\tPARKVIEW\n\t\t\t\t<\/dd><\/dl><dl class='gallery-item'>\n\t\t\t<dt class='gallery-icon landscape'>\n\t\t\t\t<a data-fancybox=\"mesmerize-gallery-1-group\" href='https:\/\/labalu.fr\/wp-content\/uploads\/2020\/10\/hardel-le-bihan-projets-orange-campus-part-dieu-1-2360x1568-q80-1.jpg'><img  width=\"300\" height=\"199\" src=\"https:\/\/labalu.fr\/wp-content\/uploads\/2020\/10\/hardel-le-bihan-projets-orange-campus-part-dieu-1-2360x1568-q80-1-300x199.jpg\"  class='mesmerize-gallery-1-image' alt=\"\" loading=\"lazy\" aria-describedby=\"gallery-1-382\" srcset=\"https:\/\/labalu.fr\/wp-content\/uploads\/2020\/10\/hardel-le-bihan-projets-orange-campus-part-dieu-1-2360x1568-q80-1-300x199.jpg 300w, https:\/\/labalu.fr\/wp-content\/uploads\/2020\/10\/hardel-le-bihan-projets-orange-campus-part-dieu-1-2360x1568-q80-1-1024x680.jpg 1024w, https:\/\/labalu.fr\/wp-content\/uploads\/2020\/10\/hardel-le-bihan-projets-orange-campus-part-dieu-1-2360x1568-q80-1-768x510.jpg 768w, https:\/\/labalu.fr\/wp-content\/uploads\/2020\/10\/hardel-le-bihan-projets-orange-campus-part-dieu-1-2360x1568-q80-1-1536x1021.jpg 1536w, https:\/\/labalu.fr\/wp-content\/uploads\/2020\/10\/hardel-le-bihan-projets-orange-campus-part-dieu-1-2360x1568-q80-1-2048x1361.jpg 2048w, https:\/\/labalu.fr\/wp-content\/uploads\/2020\/10\/hardel-le-bihan-projets-orange-campus-part-dieu-1-2360x1568-q80-1-1626x1080.jpg 1626w\" sizes=\"(max-width: 300px) 100vw, 300px\" \/><\/a>\n\t\t\t<\/dt>\n\t\t\t\t<dd class='wp-caption-text gallery-caption' id='gallery-1-382'>\n\t\t\t\tCAMPUS ORANGE\n\t\t\t\t<\/dd><\/dl><dl class='gallery-item'>\n\t\t\t<dt class='gallery-icon landscape'>\n\t\t\t\t<a data-fancybox=\"mesmerize-gallery-1-group\" href='https:\/\/labalu.fr\/wp-content\/uploads\/2020\/10\/project_24_image_fr-1-scaled.jpg'><img  width=\"300\" height=\"144\" src=\"https:\/\/labalu.fr\/wp-content\/uploads\/2020\/10\/project_24_image_fr-1-300x144.jpg\"  class='mesmerize-gallery-1-image' alt=\"\" loading=\"lazy\" aria-describedby=\"gallery-1-388\" srcset=\"https:\/\/labalu.fr\/wp-content\/uploads\/2020\/10\/project_24_image_fr-1-300x144.jpg 300w, https:\/\/labalu.fr\/wp-content\/uploads\/2020\/10\/project_24_image_fr-1-1024x491.jpg 1024w, https:\/\/labalu.fr\/wp-content\/uploads\/2020\/10\/project_24_image_fr-1-768x369.jpg 768w, https:\/\/labalu.fr\/wp-content\/uploads\/2020\/10\/project_24_image_fr-1-1536x737.jpg 1536w, https:\/\/labalu.fr\/wp-content\/uploads\/2020\/10\/project_24_image_fr-1-2048x983.jpg 2048w, https:\/\/labalu.fr\/wp-content\/uploads\/2020\/10\/project_24_image_fr-1-1920x921.jpg 1920w\" sizes=\"(max-width: 300px) 100vw, 300px\" \/><\/a>\n\t\t\t<\/dt>\n\t\t\t\t<dd class='wp-caption-text gallery-caption' id='gallery-1-388'>\n\t\t\t\tURBAN GARDEN\n\t\t\t\t<\/dd><\/dl><dl class='gallery-item'>\n\t\t\t<dt class='gallery-icon landscape'>\n\t\t\t\t<a data-fancybox=\"mesmerize-gallery-1-group\" href='https:\/\/labalu.fr\/wp-content\/uploads\/2020\/10\/WIP-1.jpg'><img  width=\"300\" height=\"169\" src=\"https:\/\/labalu.fr\/wp-content\/uploads\/2020\/10\/WIP-1-300x169.jpg\"  class='mesmerize-gallery-1-image' alt=\"\" loading=\"lazy\" aria-describedby=\"gallery-1-390\" srcset=\"https:\/\/labalu.fr\/wp-content\/uploads\/2020\/10\/WIP-1-300x169.jpg 300w, https:\/\/labalu.fr\/wp-content\/uploads\/2020\/10\/WIP-1.jpg 512w\" sizes=\"(max-width: 300px) 100vw, 300px\" \/><\/a>\n\t\t\t<\/dt>\n\t\t\t\t<dd class='wp-caption-text gallery-caption' id='gallery-1-390'>\n\t\t\t\tWORK IN PARK\n\t\t\t\t<\/dd><\/dl>\n\t\t<\/div>\n<script>(function($){window.MaterialisCaptionsGallery && window.MaterialisCaptionsGallery($('[data-unique-id=\"mesmerize-gallery-1-69ecb87811a80\"]'))})(jQuery)<\/script><\/div><\/div><\/div> <\/div><\/div><div  data-label=\"Nos atouts\" data-id=\"counters--1\" data-export-id=\"counters-2\" data-category=\"counters\" class=\"counters-2 content-section content-section-spacing\" id=\"nos-atouts\" style=\"background-color: rgb(255, 255, 255); background-image: none;\"><div  class=\"gridContainer\"> <div  class=\"row text-center\"><div  class=\"section-title-col\" data-type=\"column\"> <h2  class=\"\">Nos atouts<\/h2> <p  class=\"lead\">Fort de leurs experiences, nos compagnons effectuent un travail propre et des finitions dans les r\u00e8gles de l\u2019art.<\/p><\/div> <\/div> <div  class=\"row\" data-type=\"row\">  <div  class=\"col-xs-12 col-sm-4 text-center space-bottom\"><i  class=\"fa icon fa-thumbs-o-up color7\"><\/i> <h3  class=\"font-400\" data-min=\"0\" data-max=\"20\" data-duration=\"2000\" data-prefix=\"\" data-suffix=\"+\" data-countup=\"true\" style=\"display: inline-block;\"><\/h3> <h5  class=\"upper color2\"><span  style=\"color: rgb(247, 131, 20);\">CLIENTS SATISFAITS<\/span><\/h5><\/div> <div  class=\"col-xs-12 col-sm-4 text-center space-bottom\"> <i  class=\"fa icon fa-building-o color7\"><\/i> <h3  class=\"font-400\" data-min=\"0\" data-max=\"40\" data-duration=\"2000\" data-prefix=\"\" data-suffix=\"+\" data-countup=\"true\" style=\"display: inline-block;\"><\/h3> <h5  class=\"upper color2\"><span  style=\"color: rgb(247, 131, 20);\">PROJETS<\/span><\/h5><\/div><div  class=\"col-xs-12 col-sm-4 text-center space-bottom\"><i  class=\"fa icon fa-cogs color7\"><\/i> <h3  class=\"font-400\" data-min=\"0\" data-max=\"10\" data-duration=\"2000\" data-prefix=\"\" data-suffix=\"+\" data-countup=\"true\" style=\"display: inline-block;\"><\/h3> <h5  class=\"upper color2\"><span  style=\"color: rgb(247, 131, 20);\">EXPERIENCE COMPAGNONS<\/span><\/h5><\/div> <\/div><\/div> <\/div><div  data-label=\"Candidature\" data-id=\"cta--1\" data-export-id=\"cta-blue-section\" data-category=\"cta\" class=\"cta-blue-section content-section content-section-spacing-medium bg-color1 white-text content-relative\" id=\"candidature\" style=\"background-size: cover; background-position: center top; background-image: none; background-color: rgb(21, 131, 162);\"><div  class=\"gridContainer\"> <div  class=\"row middle-xs\"><div  class=\"col-sm-8 space-bottom-xs\" data-type=\"column\"> <h2  class=\"\">Nous recrutons !\n<\/h2><h3  class=\"\">Vous souhaitez int\u00e9grer une entreprise dynamique ?\n<br >N\u2019h\u00e9sitez pas et rejoignez nos \u00e9quipes !<\/h3> <\/div> <div  class=\"col-sm-4 end-sm\" data-type=\"column\"> <a class=\"button color8 white-text round\" href=\"http:\/\/labalu.fr\/index.php\/nous-recrutons\" target=\"_self\" data-cp-link=\"1\" rel=\"noopener noreferrer\" data-icon=\"\">CANDIDATURE<\/a><\/div> <\/div><\/div> <\/div><div  data-label=\"Contact\" data-id=\"contact--1\" data-export-id=\"contact-7\" data-category=\"contact\" class=\"contact-7 content-section content-section-spacing section-title-col-\" data-parallax-depth=\"20\" id=\"contact\" style=\"background-image: none; background-color: rgb(255, 255, 255);\" data-section-ov=\"1\"><div  class=\"gridContainer\"> <div  class=\"row text-center\"><div  class=\"col-xs-12\"> <div  class=\"card no-padding\"><div  class=\"row\"> <div  class=\"col-xs-12 col-sm-6 contact-form-wrapper shadow-medium inline-info\"><h2  class=\"text-center font-300 color-black\">Nous contacter<\/h2> <div  class=\"\" data-content-shortcode=\"mesmerize_contact_form shortcode=&quot;contact-form-7 id=&amp;amp;quot;80&amp;amp;quot; title=&amp;amp;quot;Formulaire de contact 1&amp;amp;quot;&quot;\" data-editable=\"true\"><div role=\"form\" class=\"wpcf7\" id=\"wpcf7-f80-o1\" lang=\"fr-FR\" dir=\"ltr\">\n<div class=\"screen-reader-response\"><p role=\"status\" aria-live=\"polite\" aria-atomic=\"true\"><\/p> <ul><\/ul><\/div>\n<form action=\"\/index.php\/wp-json\/wp\/v2\/pages\/39#wpcf7-f80-o1\" method=\"post\" class=\"wpcf7-form init\" novalidate=\"novalidate\" data-status=\"init\">\n<div style=\"display: none;\">\n<input type=\"hidden\" name=\"_wpcf7\" value=\"80\" \/>\n<input type=\"hidden\" name=\"_wpcf7_version\" value=\"5.5.6.1\" \/>\n<input type=\"hidden\" name=\"_wpcf7_locale\" value=\"fr_FR\" \/>\n<input type=\"hidden\" name=\"_wpcf7_unit_tag\" value=\"wpcf7-f80-o1\" \/>\n<input type=\"hidden\" name=\"_wpcf7_container_post\" value=\"0\" \/>\n<input type=\"hidden\" name=\"_wpcf7_posted_data_hash\" value=\"\" \/>\n<\/div>\n<p><label> Pr\u00e9nom NOM<br \/>\n    <span class=\"wpcf7-form-control-wrap your-name\"><input type=\"text\" name=\"your-name\" value=\"\" size=\"40\" class=\"wpcf7-form-control wpcf7-text wpcf7-validates-as-required\" aria-required=\"true\" aria-invalid=\"false\" \/><\/span> <\/label><\/p>\n<p><label> Soci\u00e9t\u00e9<br \/>\n    <span class=\"wpcf7-form-control-wrap company\"><input type=\"text\" name=\"company\" value=\"\" size=\"40\" class=\"wpcf7-form-control wpcf7-text wpcf7-validates-as-required\" aria-required=\"true\" aria-invalid=\"false\" \/><\/span> <\/label><\/p>\n<p><label> Email (obligatoire)<br \/>\n    <span class=\"wpcf7-form-control-wrap your-email\"><input type=\"email\" name=\"your-email\" value=\"\" size=\"40\" class=\"wpcf7-form-control wpcf7-text wpcf7-email wpcf7-validates-as-required wpcf7-validates-as-email\" aria-required=\"true\" aria-invalid=\"false\" \/><\/span> <\/label><\/p>\n<p><label> T\u00e9l\u00e9phone (obligatoire)<br \/>\n    <span class=\"wpcf7-form-control-wrap Telephone\"><input type=\"tel\" name=\"Telephone\" value=\"\" size=\"40\" class=\"wpcf7-form-control wpcf7-text wpcf7-tel wpcf7-validates-as-required wpcf7-validates-as-tel\" aria-required=\"true\" aria-invalid=\"false\" \/><\/span> <\/label><\/p>\n<p><label> Objet<br \/>\n    <span class=\"wpcf7-form-control-wrap your-subject\"><input type=\"text\" name=\"your-subject\" value=\"\" size=\"40\" class=\"wpcf7-form-control wpcf7-text\" aria-invalid=\"false\" \/><\/span> <\/label><\/p>\n<p><label> Votre message<br \/>\n    <span class=\"wpcf7-form-control-wrap your-message\"><textarea name=\"your-message\" cols=\"40\" rows=\"10\" class=\"wpcf7-form-control wpcf7-textarea\" aria-invalid=\"false\"><\/textarea><\/span> <\/label><\/p>\n<p><input type=\"submit\" value=\"Envoyer\" class=\"wpcf7-form-control has-spinner wpcf7-submit\" \/><\/p>\n<div class=\"wpcf7-response-output\" aria-hidden=\"true\"><\/div><\/form><\/div><\/div><\/div> <div  class=\"col-xs-12 col-sm-6 map-col\"><div  data-content-shortcode=\"mesmerize_maps address=&quot;56 Rue Maurice Flandin, 69003 LYON&quot; lng=&quot;4.8628&quot; lat=&quot;45.7596891&quot; zoom=&quot;65&quot;\" data-editable=\"true\" class=\"map-wrapper\"><iframe class=\"mesmerize-google-maps mesmerize-frame-map\" src=\"https:\/\/maps.google.com\/maps?q=56 Rue Maurice Flandin, 69003 LYON&amp;z=14&amp;t=m&amp;output=embed&amp;iwloc=near\"><\/iframe><\/div><\/div> <\/div><\/div> <\/div><\/div> <\/div><\/div>","protected":false},"excerpt":{"rendered":"<p>QUALITE SAVOIR-FAIRE SATISFACTION CLIENT Qui sommes-nous ?Une jeune entreprise dynamiqueCr\u00e9\u00e9e le 26 juin 2017 par Mohamed LABBANE, LABALU est une PME sp\u00e9cialis\u00e9e dans l\u2019enveloppe du b\u00e2timent. Elle intervient pour la pose et l\u2019installation des menuiseries ext\u00e9rieures, bardages, serrureries, occultations, murs rideaux et blocs de fa\u00e7ade. Notre \u00e9quipe reste \u00e0 votre disposition et \u00e0 votre \u00e9coute&hellip; <br \/> <a class=\"read-more\" href=\"https:\/\/labalu.fr\/\">Lire la suite<\/a><\/p>\n","protected":false},"author":1,"featured_media":0,"parent":0,"menu_order":0,"comment_status":"closed","ping_status":"closed","template":"page-templates\/homepage.php","meta":[],"_links":{"self":[{"href":"https:\/\/labalu.fr\/index.php\/wp-json\/wp\/v2\/pages\/39"}],"collection":[{"href":"https:\/\/labalu.fr\/index.php\/wp-json\/wp\/v2\/pages"}],"about":[{"href":"https:\/\/labalu.fr\/index.php\/wp-json\/wp\/v2\/types\/page"}],"author":[{"embeddable":true,"href":"https:\/\/labalu.fr\/index.php\/wp-json\/wp\/v2\/users\/1"}],"replies":[{"embeddable":true,"href":"https:\/\/labalu.fr\/index.php\/wp-json\/wp\/v2\/comments?post=39"}],"version-history":[{"count":61,"href":"https:\/\/labalu.fr\/index.php\/wp-json\/wp\/v2\/pages\/39\/revisions"}],"predecessor-version":[{"id":1301,"href":"https:\/\/labalu.fr\/index.php\/wp-json\/wp\/v2\/pages\/39\/revisions\/1301"}],"wp:attachment":[{"href":"https:\/\/labalu.fr\/index.php\/wp-json\/wp\/v2\/media?parent=39"}],"curies":[{"name":"wp","href":"https:\/\/api.w.org\/{rel}","templated":true}]}}