{"id":464,"date":"2021-07-02T13:25:44","date_gmt":"2021-07-02T11:25:44","guid":{"rendered":"http:\/\/labalu.fr\/?page_id=464"},"modified":"2021-07-23T15:32:25","modified_gmt":"2021-07-23T13:32:25","slug":"lycee-vaugelas-3","status":"publish","type":"page","link":"https:\/\/labalu.fr\/index.php\/lycee-vaugelas-3\/","title":{"rendered":"LYCEE VAUGELAS"},"content":{"rendered":"<div  data-label=\"Overlappable\" data-id=\"overlappable--1\" data-export-id=\"overlappable-1\" data-category=\"overlappable\" class=\"overlappable-1 content-section content-section-spacing content-relative\" data-overlap=\"true\" id=\"overlappable-1\" style=\"background-color: rgba(255, 255, 255, 0); background-image: none;\"><div  class=\"gridContainer\"> <div  data-type=\"row\" class=\"row shadow-medium center-sm content-center-sm\"> <div  data-type=\"column\" class=\"col-xs-12 col-sm-4 flexcol col-padding col-padding-small-xs col-md-4 bg-color7\"> <i  class=\"fa icon fa-bookmark big color-white\"><\/i>   <h2  class=\"\"><span  style=\"color: rgb(255, 255, 255);\">ECOLOGGIA<\/span><\/h2><\/div><div  data-type=\"column\" class=\"col-xs-12 col-sm-4 flexcol col-padding col-padding-small-xs inverted col-md-4 bg-color19\"><i  class=\"fa icon fa-cubes white\"><\/i>   <h2  class=\"\">29K<\/h2><\/div> <div  data-type=\"column\" class=\"col-xs-12 col-sm-4 flexcol col-padding col-padding-small-xs inverted col-md-4 bg-color8\"><i  class=\"fa icon fa-map-marker color-white\"><\/i>   <h2  class=\"\">CHAMBERY<\/h2><\/div> <\/div><\/div> <\/div><div  data-label=\"Content\" data-id=\"content--2\" data-export-id=\"content-15\" data-category=\"content\" class=\"content-15 content-section content-section-spacing\" id=\"content-2\" style=\"background-color: rgb(245, 250, 253);\"><div  class=\"gridContainer\"> <div  class=\"row middle-sm\"><div  class=\"col-sm-6 flexbox around-xs top-xs space-bottom-xs space-top-xs\"> <div  class=\"overlay-box flexbox middle-xs center-xs overlay-holder\"><div  class=\"overlay-box-offset offset-border shadow-medium border-color2 hide-xs\"><\/div> <img  class=\"flexbox shadow-large img1\" data-size=\"500x500\" src=\"http:\/\/labalu.fr\/wp-content\/uploads\/2021\/07\/cropped-Lycee-Vaugelas.jpg\" alt=\"\" title=\"cropped-Lycee-Vaugelas.jpg\"><\/div> <\/div> <div  class=\"col-sm-6\" data-type=\"column\"> <h2  class=\"\">Nos missions<\/h2> <p  class=\"\">\u2022 Nettoyage des menuiseries ext\u00e9rieures et retouches sur les&nbsp;&nbsp;&nbsp; \n<br >&nbsp;&nbsp; griffures des profils ALU<br >\n\u2022 V\u00e9rification et r\u00e9glage des menuiseries ext\u00e9rieures,<br >\n\u2022 V\u00e9rification et r\u00e9glage des volets roulants,<br >\u2022 Mise en place de 6 vitrages,<br >\u2022 Equipement des menuiseries ext\u00e9rieures.<\/p> <\/div> <\/div><\/div> <\/div><div  data-label=\"Gallery\" data-id=\"gallery--1\" data-export-id=\"gallery-1\" data-category=\"gallery\" class=\"gallery-1 content-section content-section-spacing\" id=\"gallery-1\" style=\"background-color: rgb(255, 255, 255);\"><div  class=\"gridContainer\"> <div  class=\"row\"><div  class=\"section-title-col\" data-type=\"column\"> <h2  class=\"\">D\u00e9couvrez nos photos<\/h2> <\/div> <\/div> <div  class=\"row text-center\"> <div  class=\"col-xs-12\" data-editable=\"true\" data-content-shortcode=\"mesmerize_gallery id=&quot;mesmerize-gallery-1&quot; columns=&quot;4&quot; ids=&quot;1016,1017,1018&quot; lb=&quot;1&quot; masonry=&quot;1&quot; size=&quot;medium&quot; link=&quot;file&quot; \"><div id='mesmerize-gallery-1' class='gallery-wrapper'><style type=\"text\/css\">\n                    @media only screen and (min-width: 768px) {\n                    [data-unique-id='mesmerize-gallery-1-69ece14d5ade8'] dl {\n                        float: left;\n                        width: 25% !important;\n                        max-width:  25% !important;\n                        min-width:  25% !important;\n                    }\n\n                    [data-unique-id='mesmerize-gallery-1-69ece14d5ade8'] dl:nth-of-type(4n +1 ) {\n                      clear: both;\n                      }\n                    }\n                <\/style><div id='mesmerize-gallery-1' class='mesmerize-gallery-1-dls-wrapper gallery-items-wrapper materialis-gallery' data-unique-id='mesmerize-gallery-1-69ece14d5ade8'><dl class='gallery-item'>\n\t\t\t<dt class='gallery-icon landscape'>\n\t\t\t\t<a data-fancybox=\"mesmerize-gallery-1-group\" href='https:\/\/labalu.fr\/wp-content\/uploads\/2021\/07\/Internat-et-espace-de-restauration.jpg'><img  width=\"300\" height=\"216\" src=\"https:\/\/labalu.fr\/wp-content\/uploads\/2021\/07\/Internat-et-espace-de-restauration-300x216.jpg\"  class='mesmerize-gallery-1-image' alt=\"\" loading=\"lazy\" srcset=\"https:\/\/labalu.fr\/wp-content\/uploads\/2021\/07\/Internat-et-espace-de-restauration-300x216.jpg 300w, https:\/\/labalu.fr\/wp-content\/uploads\/2021\/07\/Internat-et-espace-de-restauration.jpg 700w\" sizes=\"(max-width: 300px) 100vw, 300px\" \/><\/a>\n\t\t\t<\/dt><\/dl><dl class='gallery-item'>\n\t\t\t<dt class='gallery-icon landscape'>\n\t\t\t\t<a data-fancybox=\"mesmerize-gallery-1-group\" href='https:\/\/labalu.fr\/wp-content\/uploads\/2021\/07\/PERS-cour-lycee-v2-LD.jpg'><img  width=\"300\" height=\"183\" src=\"https:\/\/labalu.fr\/wp-content\/uploads\/2021\/07\/PERS-cour-lycee-v2-LD-300x183.jpg\"  class='mesmerize-gallery-1-image' alt=\"\" loading=\"lazy\" srcset=\"https:\/\/labalu.fr\/wp-content\/uploads\/2021\/07\/PERS-cour-lycee-v2-LD-300x183.jpg 300w, https:\/\/labalu.fr\/wp-content\/uploads\/2021\/07\/PERS-cour-lycee-v2-LD-768x467.jpg 768w, https:\/\/labalu.fr\/wp-content\/uploads\/2021\/07\/PERS-cour-lycee-v2-LD.jpg 1024w\" sizes=\"(max-width: 300px) 100vw, 300px\" \/><\/a>\n\t\t\t<\/dt><\/dl><dl class='gallery-item'>\n\t\t\t<dt class='gallery-icon landscape'>\n\t\t\t\t<a data-fancybox=\"mesmerize-gallery-1-group\" href='https:\/\/labalu.fr\/wp-content\/uploads\/2021\/07\/Lycee-Vaugelas-1.jpg'><img  width=\"300\" height=\"147\" src=\"https:\/\/labalu.fr\/wp-content\/uploads\/2021\/07\/Lycee-Vaugelas-1-300x147.jpg\"  class='mesmerize-gallery-1-image' alt=\"\" loading=\"lazy\" srcset=\"https:\/\/labalu.fr\/wp-content\/uploads\/2021\/07\/Lycee-Vaugelas-1-300x147.jpg 300w, https:\/\/labalu.fr\/wp-content\/uploads\/2021\/07\/Lycee-Vaugelas-1.jpg 700w\" sizes=\"(max-width: 300px) 100vw, 300px\" \/><\/a>\n\t\t\t<\/dt><\/dl>\n\t\t\t\n\t\t<\/div>\n<script>(function($){window.MaterialisCaptionsGallery && window.MaterialisCaptionsGallery($('[data-unique-id=\"mesmerize-gallery-1-69ece14d5ade8\"]'))})(jQuery)<\/script><\/div><\/div><\/div> <\/div><\/div>","protected":false},"excerpt":{"rendered":"<p>ECOLOGGIA 29K CHAMBERY Nos missions \u2022 Nettoyage des menuiseries ext\u00e9rieures et retouches sur les&nbsp;&nbsp;&nbsp; &nbsp;&nbsp; griffures des profils ALU \u2022 V\u00e9rification et r\u00e9glage des menuiseries ext\u00e9rieures, \u2022 V\u00e9rification et r\u00e9glage des volets roulants,\u2022 Mise en place de 6 vitrages,\u2022 Equipement des menuiseries ext\u00e9rieures. D\u00e9couvrez nos photos<\/p>\n","protected":false},"author":1,"featured_media":0,"parent":0,"menu_order":0,"comment_status":"closed","ping_status":"closed","template":"pro\/page-templates\/full-width-page.php","meta":[],"_links":{"self":[{"href":"https:\/\/labalu.fr\/index.php\/wp-json\/wp\/v2\/pages\/464"}],"collection":[{"href":"https:\/\/labalu.fr\/index.php\/wp-json\/wp\/v2\/pages"}],"about":[{"href":"https:\/\/labalu.fr\/index.php\/wp-json\/wp\/v2\/types\/page"}],"author":[{"embeddable":true,"href":"https:\/\/labalu.fr\/index.php\/wp-json\/wp\/v2\/users\/1"}],"replies":[{"embeddable":true,"href":"https:\/\/labalu.fr\/index.php\/wp-json\/wp\/v2\/comments?post=464"}],"version-history":[{"count":4,"href":"https:\/\/labalu.fr\/index.php\/wp-json\/wp\/v2\/pages\/464\/revisions"}],"predecessor-version":[{"id":1185,"href":"https:\/\/labalu.fr\/index.php\/wp-json\/wp\/v2\/pages\/464\/revisions\/1185"}],"wp:attachment":[{"href":"https:\/\/labalu.fr\/index.php\/wp-json\/wp\/v2\/media?parent=464"}],"curies":[{"name":"wp","href":"https:\/\/api.w.org\/{rel}","templated":true}]}}