{"id":591,"date":"2021-01-27T11:04:16","date_gmt":"2021-01-27T10:04:16","guid":{"rendered":"http:\/\/labalu.fr\/?page_id=591"},"modified":"2021-08-27T15:35:01","modified_gmt":"2021-08-27T13:35:01","slug":"grue-boecker","status":"publish","type":"page","link":"https:\/\/labalu.fr\/index.php\/grue-boecker\/","title":{"rendered":"Grue Bocker"},"content":{"rendered":"<div  data-label=\"Content\" data-id=\"content--1\" data-export-id=\"content-13\" data-category=\"content\" class=\"content-13 content-section content-section-spacing\" id=\"content-1\" style=\"background-color: rgb(255, 255, 255);\"><div  class=\"gridContainer\"> <div  class=\"row text-center\"><div  class=\"section-title-col\" data-type=\"column\"> <h2  class=\"\">Grue Mobile Remorque BOCKER<\/h2> <p  class=\"lead\">La Grue Mobile Bocker propos\u00e9e \u00e0 la location fournit une puissance maximale et dispose d\u2019une tr\u00e8s grande flexibilit\u00e9. Elle peut \u00eatre d\u00e9plac\u00e9e rapidement et vous permettra de combler rapidement un manque et \u00e9viter qu\u2019un chantier ne prenne du retard par faute de moyens mis en \u0153uvres\/ad\u00e9quats?.<br >\n\n<br ><br >Son utilisation est mixte que ce soit sur route ou hors route.\n<br >Cette grue est compacte, et n\u2019a besoin que de 2,30 m\u00e8tres de largeur pour passer. Elle vous permettra de soulever des charges allant de 100 kg \u00e0 1,2 tonne, ce qui offre de nombreuses possibilit\u00e9s.\n<br ><br ><br >\nComme toutes les grues sur remorque Bocker, celle-ci est \u00e9quip\u00e9e de la commande CPE. Les quatre appuis de stabilisation peuvent \u00eatre r\u00e9gl\u00e9 individuellement et sont constamment contr\u00f4l\u00e9s. En fonction de leur position, la commande approuve le rayon d\u2019action possible.<\/p><\/div> <\/div> <div  class=\"row center-xs middle-xs\"> <div  class=\"col-xs col-sm-8 space-bottom image-group-bottom-3\"> <img  class=\"left-img shadow-large-black\" src=\"http:\/\/labalu.fr\/wp-content\/uploads\/2021\/07\/cropped-unnamed.jpg\" title=\"cropped-unnamed.jpg\" alt=\"\"> <img  class=\"center-img shadow-large-black\" src=\"http:\/\/labalu.fr\/wp-content\/uploads\/2021\/08\/cropped-cropped-content_Visuel_re\u0301seaux.jpg\" title=\"cropped-cropped-content_Visuel_re\u0301seaux.jpg\" alt=\"\"> <a data-cp-link=\"1\" href=\"#\" class=\"right-img-anchor\" target=\"_self\" rel=\"noopener\"><img  class=\"right-img shadow-large-black\" src=\"http:\/\/labalu.fr\/wp-content\/uploads\/2021\/07\/cropped-7525_6528067899207.jpg\" title=\"cropped-7525_6528067899207.jpg\" alt=\"\"><\/a><\/div> <\/div><\/div> <\/div><div  data-label=\"Features\" data-id=\"features--1\" data-export-id=\"features-13-card-bordered\" data-category=\"features\" class=\"features-13 content-section content-section-spacing\" id=\"features-1\" style=\"background-color: rgb(245, 250, 253);\"><div  class=\"gridContainer\"> <div  class=\"row text-center\"><div  class=\"section-title-col\" data-type=\"column\">  <p  class=\"lead\"><span  style=\"font-weight: 300; font-family: Open Sans, arial, helvetica, sans-serif;\">POUR PLUS D\u2019INFORMATIONS SUR LES PRIX, VEUILLEZ NOUS CONTACTER<\/span><\/p><\/div> <\/div> <div  class=\"row spaced-cols content-center-sm center-sm\" data-type=\"row\">   <div  class=\"col-sm-4\"> <div  class=\"card bordered y-move\" data-type=\"column\"> <i  class=\"fa icon fa-commenting-o reverse round big color7\"><\/i> <h4  class=\"\"><\/h4><a class=\"button y-move small color8\" href=\"http:\/\/labalu.fr\/index.php\/grue-boecker\/labalu.fr\/demande-de-devis\" target=\"_self\" data-cp-link=\"1\" data-icon=\"\" style=\"position: relative; top: 0px; left: 0px;\" rel=\"noopener\">NOUS CONTACTER<\/a>  <\/div> <\/div><\/div> <\/div><\/div>","protected":false},"excerpt":{"rendered":"<p>Grue Mobile Remorque BOCKER La Grue Mobile Bocker propos\u00e9e \u00e0 la location fournit une puissance maximale et dispose d\u2019une tr\u00e8s grande flexibilit\u00e9. Elle peut \u00eatre d\u00e9plac\u00e9e rapidement et vous permettra de combler rapidement un manque et \u00e9viter qu\u2019un chantier ne prenne du retard par faute de moyens mis en \u0153uvres\/ad\u00e9quats?. Son utilisation est mixte que&hellip; <br \/> <a class=\"read-more\" href=\"https:\/\/labalu.fr\/index.php\/grue-boecker\/\">Lire la suite<\/a><\/p>\n","protected":false},"author":1,"featured_media":0,"parent":0,"menu_order":0,"comment_status":"closed","ping_status":"closed","template":"pro\/page-templates\/full-width-page.php","meta":[],"_links":{"self":[{"href":"https:\/\/labalu.fr\/index.php\/wp-json\/wp\/v2\/pages\/591"}],"collection":[{"href":"https:\/\/labalu.fr\/index.php\/wp-json\/wp\/v2\/pages"}],"about":[{"href":"https:\/\/labalu.fr\/index.php\/wp-json\/wp\/v2\/types\/page"}],"author":[{"embeddable":true,"href":"https:\/\/labalu.fr\/index.php\/wp-json\/wp\/v2\/users\/1"}],"replies":[{"embeddable":true,"href":"https:\/\/labalu.fr\/index.php\/wp-json\/wp\/v2\/comments?post=591"}],"version-history":[{"count":11,"href":"https:\/\/labalu.fr\/index.php\/wp-json\/wp\/v2\/pages\/591\/revisions"}],"predecessor-version":[{"id":1306,"href":"https:\/\/labalu.fr\/index.php\/wp-json\/wp\/v2\/pages\/591\/revisions\/1306"}],"wp:attachment":[{"href":"https:\/\/labalu.fr\/index.php\/wp-json\/wp\/v2\/media?parent=591"}],"curies":[{"name":"wp","href":"https:\/\/api.w.org\/{rel}","templated":true}]}}