{"id":633,"date":"2021-01-27T10:56:42","date_gmt":"2021-01-27T09:56:42","guid":{"rendered":"http:\/\/labalu.fr\/?page_id=633"},"modified":"2021-07-26T14:42:40","modified_gmt":"2021-07-26T12:42:40","slug":"grue-araignee","status":"publish","type":"page","link":"https:\/\/labalu.fr\/index.php\/grue-araignee\/","title":{"rendered":"Grue Araign\u00e9e"},"content":{"rendered":"<div  data-label=\"Article grue\" data-id=\"content--1\" data-export-id=\"content-13\" data-category=\"content\" class=\"content-13 content-section content-section-spacing\" id=\"article-grue\" style=\"background-color: rgb(255, 255, 255);\"><div  class=\"gridContainer\"> <div  class=\"row text-center\"><div  class=\"section-title-col\" data-type=\"column\"> <h2  class=\"\">Grue araign\u00e9e COMPACT C6<\/h2> <p  class=\"lead\">La Mini grue araign\u00e9e COMPACT C6G Bocker propos\u00e9e \u00e0 la location est capable de soulever plus que son propre poids, gr\u00e2ce \u00e0 elle, vous r\u00e9aliserez sans peine la pose de vitrage sur des terrains accident\u00e9s. Sa fl\u00e9chette hydraulique vous permettra de poser sous des casquettes b\u00e9tons, au-dessus de verri\u00e8res.\n<br ><br ><br >\nEn plus de garantir votre s\u00e9curit\u00e9 gr\u00e2ce \u00e0 la haute r\u00e9sistance de ses composants et \u00e0 ses mouvements hydrauliques puissants et millim\u00e9tr\u00e9s. Elle ne vous fera perdre aucun temps puisque son d\u00e9montage est express : il ne prend que 5 minutes.\n<br ><br ><br >\nCette grue offre une extension de bras suppl\u00e9mentaire, une dimension des stabilisateurs plus cons\u00e9quente et un d\u00e9placement hydraulique des contrepoids vers l\u2019avant ou vers l\u2019arri\u00e8re.<\/p><\/div> <\/div> <div  class=\"row center-xs middle-xs\"> <div  class=\"col-xs col-sm-8 space-bottom image-group-bottom-3\"> <img  class=\"left-img shadow-large-black\" src=\"http:\/\/labalu.fr\/wp-content\/uploads\/2021\/07\/cropped-5bfeb1fb0c4d43.98205518.jpg\" title=\"cropped-5bfeb1fb0c4d43.98205518.jpg\" alt=\"\"> <img  class=\"center-img shadow-large-black\" src=\"http:\/\/labalu.fr\/wp-content\/uploads\/2021\/07\/cropped-GKTechniques-MINI-GRUE-araignee-C4-h1200.jpg\" title=\"cropped-GKTechniques-MINI-GRUE-araignee-C4-h1200.jpg\" alt=\"\"> <img  class=\"right-img shadow-large-black\" src=\"http:\/\/labalu.fr\/wp-content\/uploads\/2021\/07\/cropped-18-GKTechniques-Mini-grue-C6.jpg\" title=\"cropped-18-GKTechniques-Mini-grue-C6.jpg\" alt=\"\"><\/div> <\/div><\/div> <\/div><div  data-label=\"Features\" data-id=\"features--1\" data-export-id=\"features-13-card-bordered\" data-category=\"features\" class=\"features-13 content-section content-section-spacing content-relative\" id=\"features-1\" style=\"background-color: rgb(245, 250, 253);\"><div  class=\"gridContainer\"><div  data-section-title-area=\"true\" class=\"row text-center\">   <div  class=\"section-title-col\" data-type=\"column\">              <p  class=\"lead\"><span  style=\"font-weight: 600;\">POUR PLUS D\u2019INFORMATIONS SUR LES PRIX, VEUILLEZ NOUS CONTACTER<\/span><\/p>   <\/div><\/div>  <div  class=\"row spaced-cols content-center-sm center-sm\" data-type=\"row\">   <div  class=\"col-sm-4\"> <div  class=\"card bordered y-move\" data-type=\"column\"> <i  class=\"fa icon fa-commenting-o reverse round big color7\"><\/i>   <p  class=\"lead\"><\/p><a class=\"button y-move small color8\" href=\"http:\/\/labalu.fr\/index.php\/demande-de-devis\" style=\"position: relative; top: 0px; left: 0px;\" target=\"_self\" data-cp-link=\"1\" data-icon=\"\" rel=\"noopener\">NOUS CONTACTER<\/a><\/div> <\/div><\/div> <\/div><\/div>","protected":false},"excerpt":{"rendered":"<p>Grue araign\u00e9e COMPACT C6 La Mini grue araign\u00e9e COMPACT C6G Bocker propos\u00e9e \u00e0 la location est capable de soulever plus que son propre poids, gr\u00e2ce \u00e0 elle, vous r\u00e9aliserez sans peine la pose de vitrage sur des terrains accident\u00e9s. Sa fl\u00e9chette hydraulique vous permettra de poser sous des casquettes b\u00e9tons, au-dessus de verri\u00e8res. En plus&hellip; <br \/> <a class=\"read-more\" href=\"https:\/\/labalu.fr\/index.php\/grue-araignee\/\">Lire la suite<\/a><\/p>\n","protected":false},"author":1,"featured_media":0,"parent":0,"menu_order":0,"comment_status":"closed","ping_status":"closed","template":"pro\/page-templates\/full-width-page.php","meta":[],"_links":{"self":[{"href":"https:\/\/labalu.fr\/index.php\/wp-json\/wp\/v2\/pages\/633"}],"collection":[{"href":"https:\/\/labalu.fr\/index.php\/wp-json\/wp\/v2\/pages"}],"about":[{"href":"https:\/\/labalu.fr\/index.php\/wp-json\/wp\/v2\/types\/page"}],"author":[{"embeddable":true,"href":"https:\/\/labalu.fr\/index.php\/wp-json\/wp\/v2\/users\/1"}],"replies":[{"embeddable":true,"href":"https:\/\/labalu.fr\/index.php\/wp-json\/wp\/v2\/comments?post=633"}],"version-history":[{"count":17,"href":"https:\/\/labalu.fr\/index.php\/wp-json\/wp\/v2\/pages\/633\/revisions"}],"predecessor-version":[{"id":1243,"href":"https:\/\/labalu.fr\/index.php\/wp-json\/wp\/v2\/pages\/633\/revisions\/1243"}],"wp:attachment":[{"href":"https:\/\/labalu.fr\/index.php\/wp-json\/wp\/v2\/media?parent=633"}],"curies":[{"name":"wp","href":"https:\/\/api.w.org\/{rel}","templated":true}]}}